{"id":476,"date":"2018-03-29T09:36:10","date_gmt":"2018-03-29T07:36:10","guid":{"rendered":"http:\/\/fondation-amani.ch\/accueil\/"},"modified":"2024-02-16T14:48:08","modified_gmt":"2024-02-16T13:48:08","slug":"accueil","status":"publish","type":"page","link":"https:\/\/fondation-amani.ch\/fr\/","title":{"rendered":"Accueil"},"content":{"rendered":"<div class=\"wpb-content-wrapper\"><p>[vc_row css_animation=\u00a0\u00bb\u00a0\u00bb row_type=\u00a0\u00bbrow\u00a0\u00bb use_row_as_full_screen_section=\u00a0\u00bbno\u00a0\u00bb type=\u00a0\u00bbfull_width\u00a0\u00bb angled_section=\u00a0\u00bbno\u00a0\u00bb text_align=\u00a0\u00bbleft\u00a0\u00bb background_image_as_pattern=\u00a0\u00bbwithout_pattern\u00a0\u00bb][vc_column][rev_slider_vc alias=\u00a0\u00bbhome-amani-fr\u00a0\u00bb][\/vc_column][\/vc_row][vc_row css_animation=\u00a0\u00bb\u00a0\u00bb row_type=\u00a0\u00bbrow\u00a0\u00bb use_row_as_full_screen_section=\u00a0\u00bbno\u00a0\u00bb type=\u00a0\u00bbgrid\u00a0\u00bb angled_section=\u00a0\u00bbno\u00a0\u00bb text_align=\u00a0\u00bbleft\u00a0\u00bb background_image_as_pattern=\u00a0\u00bbwithout_pattern\u00a0\u00bb z_index=\u00a0\u00bb\u00a0\u00bb css=\u00a0\u00bb.vc_custom_1670837853801{padding-top: 50px !important;padding-bottom: 50px !important;}\u00a0\u00bb][vc_column][vc_column_text]<\/p>\n<h1 style=\"text-align: center;\">Nos principaux objectifs<\/h1>\n<p>[\/vc_column_text][vc_empty_space height=\u00a0\u00bb50px\u00a0\u00bb][vc_row_inner row_type=\u00a0\u00bbrow\u00a0\u00bb type=\u00a0\u00bbfull_width\u00a0\u00bb text_align=\u00a0\u00bbleft\u00a0\u00bb css_animation=\u00a0\u00bb\u00a0\u00bb][vc_column_inner width=\u00a0\u00bb1\/4&Prime;]<div class='q_icon_with_title small circle '><div class=\"icon_holder \" style=\" \"><span data-icon-type=\"circle\" class=\"qode_iwt_icon_holder fa-stack fa-2x  \" style=\"border-color: #e07d24;background-color: #e07d24\"><i class=\"qode_icon_font_awesome fa fa-check qode_iwt_icon_element\" style=\"color: #ffffff\"><\/i><\/span><\/div><div class=\"icon_text_holder\" style=\"\"><div class=\"icon_text_inner\" style=\"\"><h3 class=\"icon_title\" style=\"\">R\u00e9duction de la pauvret\u00e9<\/h3><p style=''><\/p><\/div><\/div><\/div>[vc_empty_space height=\u00a0\u00bb40px\u00a0\u00bb][\/vc_column_inner][vc_column_inner width=\u00a0\u00bb1\/4&Prime;]<div class='q_icon_with_title small circle '><div class=\"icon_holder \" style=\" \"><span data-icon-type=\"circle\" class=\"qode_iwt_icon_holder fa-stack fa-2x  \" style=\"border-color: #e07d24;background-color: #e07d24\"><i class=\"qode_icon_font_awesome fa fa-check qode_iwt_icon_element\" style=\"color: #ffffff\"><\/i><\/span><\/div><div class=\"icon_text_holder\" style=\"\"><div class=\"icon_text_inner\" style=\"\"><h3 class=\"icon_title\" style=\"\">R\u00e9duire les in\u00e9galit\u00e9s<\/h3><p style=''><\/p><\/div><\/div><\/div>[vc_empty_space height=\u00a0\u00bb40px\u00a0\u00bb][\/vc_column_inner][vc_column_inner width=\u00a0\u00bb1\/4&Prime;]<div class='q_icon_with_title small circle '><div class=\"icon_holder \" style=\" \"><span data-icon-type=\"circle\" class=\"qode_iwt_icon_holder fa-stack fa-2x  \" style=\"border-color: #e07d24;background-color: #e07d24\"><i class=\"qode_icon_font_awesome fa fa-check qode_iwt_icon_element\" style=\"color: #ffffff\"><\/i><\/span><\/div><div class=\"icon_text_holder\" style=\"\"><div class=\"icon_text_inner\" style=\"\"><h3 class=\"icon_title\" style=\"\">Am\u00e9liorer l'acc\u00e8s aux soins de sant\u00e9<\/h3><p style=''><\/p><\/div><\/div><\/div>[vc_empty_space height=\u00a0\u00bb10px\u00a0\u00bb][\/vc_column_inner][vc_column_inner width=\u00a0\u00bb1\/4&Prime;]<div class='q_icon_with_title small circle '><div class=\"icon_holder \" style=\" \"><span data-icon-type=\"circle\" class=\"qode_iwt_icon_holder fa-stack fa-2x  \" style=\"border-color: #e07d24;background-color: #e07d24\"><i class=\"qode_icon_font_awesome fa fa-check qode_iwt_icon_element\" style=\"color: #ffffff\"><\/i><\/span><\/div><div class=\"icon_text_holder\" style=\"\"><div class=\"icon_text_inner\" style=\"\"><h3 class=\"icon_title\" style=\"\">Am\u00e9liorer l'acc\u00e8s \u00e0 l'\u00e9ducation<\/h3><p style=''><\/p><\/div><\/div><\/div>[\/vc_column_inner][\/vc_row_inner][vc_row_inner row_type=\u00a0\u00bbrow\u00a0\u00bb type=\u00a0\u00bbgrid\u00a0\u00bb text_align=\u00a0\u00bbcenter\u00a0\u00bb css_animation=\u00a0\u00bb\u00a0\u00bb][vc_column_inner]<a  itemprop=\"url\" href=\"http:\/\/fondation-amani.ch\/fr\/a-propos-de-nous\/\" target=\"_self\"  class=\"qbutton  medium center default\" style=\"\">Plus d'informations<\/a>[\/vc_column_inner][\/vc_row_inner][\/vc_column][\/vc_row][vc_row css_animation=\u00a0\u00bb\u00a0\u00bb row_type=\u00a0\u00bbrow\u00a0\u00bb use_row_as_full_screen_section=\u00a0\u00bbno\u00a0\u00bb type=\u00a0\u00bbgrid\u00a0\u00bb angled_section=\u00a0\u00bbno\u00a0\u00bb text_align=\u00a0\u00bbcenter\u00a0\u00bb background_image_as_pattern=\u00a0\u00bbwithout_pattern\u00a0\u00bb css=\u00a0\u00bb.vc_custom_1669033697936{padding-top: 50px !important;padding-bottom: 50px !important;background-color: #f9fbf7 !important;}\u00a0\u00bb z_index=\u00a0\u00bb\u00a0\u00bb][vc_column][vc_column_text]<\/p>\n<h1 style=\"text-align: center;\">Derniers projets<\/h1>\n<p>[\/vc_column_text][vc_empty_space height=\u00a0\u00bb25px\u00a0\u00bb]\n<div class='latest_post_holder dividers three_columns one_row' >\n    <ul>\n    \n        <li class=\"clearfix\">\n            <div class=\"boxes_image\">\n                                <a itemprop=\"url\" href=\"https:\/\/fondation-amani.ch\/fr\/financement-des-projets-de-la-fondation-du-theatre-atelier\/\"><img loading=\"lazy\" decoding=\"async\" width=\"800\" height=\"600\" src=\"https:\/\/fondation-amani.ch\/wp-content\/uploads\/2024\/12\/Atelier-1-800x600.jpg\" class=\"attachment-portfolio-landscape size-portfolio-landscape wp-post-image\" alt=\"\" \/><\/a>\n            <\/div>\n            <div class=\"latest_post\"  >\n                <div class=\"latest_post_text\">\n                    <div class=\"latest_post_inner\">\n                        <div itemprop=\"dateCreated\" class=\"latest_post_date entry_date updated\">\n                            <div class=\"latest_post_day\">19<\/div>\n                            <div class=\"latest_post_month\">D\u00e9c<\/div>\n                            <meta itemprop=\"interactionCount\" content=\"UserComments: 0\" \/>\n                        <\/div>\n\n                        <div class=\"latest_post_text_inner\">\n                            <h5 itemprop=\"name\" class=\"latest_post_title entry_title\"><a itemprop=\"url\" href=\"https:\/\/fondation-amani.ch\/fr\/financement-des-projets-de-la-fondation-du-theatre-atelier\/\">Financement des projets de la Fondation Atelier Theater<\/a><\/h5>\n                                                        <span class=\"post_infos\">\n\n                                \n                                \n                                \n                                                            <\/span>\n\n                        <\/div>\n                    <\/div>\n                <\/div>\n            <\/div>\n        <\/li>\n        \n        <li class=\"clearfix\">\n            <div class=\"boxes_image\">\n                                <a itemprop=\"url\" href=\"https:\/\/fondation-amani.ch\/fr\/le-prix-du-professeur-jacek-zulawski\/\"><img loading=\"lazy\" decoding=\"async\" width=\"800\" height=\"600\" src=\"https:\/\/fondation-amani.ch\/wp-content\/uploads\/2024\/12\/ASP-Venice-2-800x600.jpg\" class=\"attachment-portfolio-landscape size-portfolio-landscape wp-post-image\" alt=\"\" srcset=\"https:\/\/fondation-amani.ch\/wp-content\/uploads\/2024\/12\/ASP-Venice-2-800x600.jpg 800w, https:\/\/fondation-amani.ch\/wp-content\/uploads\/2024\/12\/ASP-Venice-2-300x225.jpg 300w, https:\/\/fondation-amani.ch\/wp-content\/uploads\/2024\/12\/ASP-Venice-2-1024x768.jpg 1024w, https:\/\/fondation-amani.ch\/wp-content\/uploads\/2024\/12\/ASP-Venice-2-768x576.jpg 768w, https:\/\/fondation-amani.ch\/wp-content\/uploads\/2024\/12\/ASP-Venice-2-1536x1152.jpg 1536w, https:\/\/fondation-amani.ch\/wp-content\/uploads\/2024\/12\/ASP-Venice-2-700x525.jpg 700w, https:\/\/fondation-amani.ch\/wp-content\/uploads\/2024\/12\/ASP-Venice-2.jpg 1600w\" sizes=\"auto, (max-width: 800px) 100vw, 800px\" \/><\/a>\n            <\/div>\n            <div class=\"latest_post\"  >\n                <div class=\"latest_post_text\">\n                    <div class=\"latest_post_inner\">\n                        <div itemprop=\"dateCreated\" class=\"latest_post_date entry_date updated\">\n                            <div class=\"latest_post_day\">19<\/div>\n                            <div class=\"latest_post_month\">D\u00e9c<\/div>\n                            <meta itemprop=\"interactionCount\" content=\"UserComments: 0\" \/>\n                        <\/div>\n\n                        <div class=\"latest_post_text_inner\">\n                            <h5 itemprop=\"name\" class=\"latest_post_title entry_title\"><a itemprop=\"url\" href=\"https:\/\/fondation-amani.ch\/fr\/le-prix-du-professeur-jacek-zulawski\/\">Le prix du professeur Jacek \u017bu\u0142awski<\/a><\/h5>\n                                                        <span class=\"post_infos\">\n\n                                \n                                \n                                \n                                                            <\/span>\n\n                        <\/div>\n                    <\/div>\n                <\/div>\n            <\/div>\n        <\/li>\n        \n        <li class=\"clearfix\">\n            <div class=\"boxes_image\">\n                                <a itemprop=\"url\" href=\"https:\/\/fondation-amani.ch\/fr\/aider-les-enfants-ukrainiens-atteints-du-syndrome-de-down\/\"><img loading=\"lazy\" decoding=\"async\" width=\"800\" height=\"600\" src=\"https:\/\/fondation-amani.ch\/wp-content\/uploads\/2024\/02\/ukrainian-children-2-800x600.jpg\" class=\"attachment-portfolio-landscape size-portfolio-landscape wp-post-image\" alt=\"\" \/><\/a>\n            <\/div>\n            <div class=\"latest_post\"  >\n                <div class=\"latest_post_text\">\n                    <div class=\"latest_post_inner\">\n                        <div itemprop=\"dateCreated\" class=\"latest_post_date entry_date updated\">\n                            <div class=\"latest_post_day\">13<\/div>\n                            <div class=\"latest_post_month\">F\u00e9v<\/div>\n                            <meta itemprop=\"interactionCount\" content=\"UserComments: 0\" \/>\n                        <\/div>\n\n                        <div class=\"latest_post_text_inner\">\n                            <h5 itemprop=\"name\" class=\"latest_post_title entry_title\"><a itemprop=\"url\" href=\"https:\/\/fondation-amani.ch\/fr\/aider-les-enfants-ukrainiens-atteints-du-syndrome-de-down\/\">Aider les enfants ukrainiens atteints du syndrome de Down<\/a><\/h5>\n                                                        <span class=\"post_infos\">\n\n                                \n                                \n                                \n                                                            <\/span>\n\n                        <\/div>\n                    <\/div>\n                <\/div>\n            <\/div>\n        <\/li>\n            <\/ul>\n<\/div>[vc_row_inner row_type=\u00a0\u00bbrow\u00a0\u00bb type=\u00a0\u00bbgrid\u00a0\u00bb text_align=\u00a0\u00bbcenter\u00a0\u00bb css_animation=\u00a0\u00bb\u00a0\u00bb css=\u00a0\u00bb.vc_custom_1708091284364{padding-top: 25px !important;padding-bottom: 25px !important;}\u00a0\u00bb][vc_column_inner]<a  itemprop=\"url\" href=\"https:\/\/fondation-amani.ch\/fr\/nos-projets\/\" target=\"_self\"  class=\"qbutton  medium center default\" style=\"\">Plus<\/a>[\/vc_column_inner][\/vc_row_inner][\/vc_column][\/vc_row]<\/p>\n<\/div>","protected":false},"excerpt":{"rendered":"<p>[vc_row css_animation=\u00a0\u00bb\u00a0\u00bb row_type=\u00a0\u00bbrow\u00a0\u00bb use_row_as_full_screen_section=\u00a0\u00bbno\u00a0\u00bb type=\u00a0\u00bbfull_width\u00a0\u00bb angled_section=\u00a0\u00bbno\u00a0\u00bb text_align=\u00a0\u00bbleft\u00a0\u00bb background_image_as_pattern=\u00a0\u00bbwithout_pattern\u00a0\u00bb][vc_column][rev_slider_vc alias=\u00a0\u00bbhome-amani-fr\u00a0\u00bb][\/vc_column][\/vc_row][vc_row css_animation=\u00a0\u00bb\u00a0\u00bb row_type=\u00a0\u00bbrow\u00a0\u00bb use_row_as_full_screen_section=\u00a0\u00bbno\u00a0\u00bb type=\u00a0\u00bbgrid\u00a0\u00bb angled_section=\u00a0\u00bbno\u00a0\u00bb text_align=\u00a0\u00bbleft\u00a0\u00bb background_image_as_pattern=\u00a0\u00bbwithout_pattern\u00a0\u00bb z_index=\u00a0\u00bb\u00a0\u00bb css=\u00a0\u00bb.vc_custom_1670837853801{padding-top: 50px !important;padding-bottom: 50px !important;}\u00a0\u00bb][vc_column][vc_column_text] Nos principaux objectifs [\/vc_column_text][vc_empty_space height=\u00a0\u00bb50px\u00a0\u00bb][vc_row_inner row_type=\u00a0\u00bbrow\u00a0\u00bb type=\u00a0\u00bbfull_width\u00a0\u00bb text_align=\u00a0\u00bbleft\u00a0\u00bb css_animation=\u00a0\u00bb\u00a0\u00bb][vc_column_inner width=\u00a0\u00bb1\/4&Prime;][vc_empty_space height=\u00a0\u00bb40px\u00a0\u00bb][\/vc_column_inner][vc_column_inner width=\u00a0\u00bb1\/4&Prime;][vc_empty_space height=\u00a0\u00bb40px\u00a0\u00bb][\/vc_column_inner][vc_column_inner width=\u00a0\u00bb1\/4&Prime;][vc_empty_space height=\u00a0\u00bb10px\u00a0\u00bb][\/vc_column_inner][vc_column_inner width=\u00a0\u00bb1\/4&Prime;][\/vc_column_inner][\/vc_row_inner][vc_row_inner row_type=\u00a0\u00bbrow\u00a0\u00bb type=\u00a0\u00bbgrid\u00a0\u00bb text_align=\u00a0\u00bbcenter\u00a0\u00bb css_animation=\u00a0\u00bb\u00a0\u00bb][vc_column_inner][\/vc_column_inner][\/vc_row_inner][\/vc_column][\/vc_row][vc_row css_animation=\u00a0\u00bb\u00a0\u00bb row_type=\u00a0\u00bbrow\u00a0\u00bb use_row_as_full_screen_section=\u00a0\u00bbno\u00a0\u00bb&#8230;<\/p>\n","protected":false},"author":1,"featured_media":0,"parent":0,"menu_order":0,"comment_status":"closed","ping_status":"closed","template":"full_width.php","meta":{"footnotes":""},"class_list":["post-476","page","type-page","status-publish","hentry"],"_links":{"self":[{"href":"https:\/\/fondation-amani.ch\/fr\/wp-json\/wp\/v2\/pages\/476","targetHints":{"allow":["GET"]}}],"collection":[{"href":"https:\/\/fondation-amani.ch\/fr\/wp-json\/wp\/v2\/pages"}],"about":[{"href":"https:\/\/fondation-amani.ch\/fr\/wp-json\/wp\/v2\/types\/page"}],"author":[{"embeddable":true,"href":"https:\/\/fondation-amani.ch\/fr\/wp-json\/wp\/v2\/users\/1"}],"replies":[{"embeddable":true,"href":"https:\/\/fondation-amani.ch\/fr\/wp-json\/wp\/v2\/comments?post=476"}],"version-history":[{"count":10,"href":"https:\/\/fondation-amani.ch\/fr\/wp-json\/wp\/v2\/pages\/476\/revisions"}],"predecessor-version":[{"id":735,"href":"https:\/\/fondation-amani.ch\/fr\/wp-json\/wp\/v2\/pages\/476\/revisions\/735"}],"wp:attachment":[{"href":"https:\/\/fondation-amani.ch\/fr\/wp-json\/wp\/v2\/media?parent=476"}],"curies":[{"name":"wp","href":"https:\/\/api.w.org\/{rel}","templated":true}]}}